{"id":482,"date":"2021-03-11T20:10:33","date_gmt":"2021-03-11T19:10:33","guid":{"rendered":"http:\/\/www.shop.yrauma.net\/?page_id=482"},"modified":"2021-03-22T17:05:52","modified_gmt":"2021-03-22T16:05:52","slug":"le-mal-logement","status":"publish","type":"page","link":"https:\/\/www.shop.yrauma.net\/index.php\/la-boite-a-outils\/le-mal-logement\/","title":{"rendered":"Le mal-logement"},"content":{"rendered":"<p><span style=\"color: #339966;\"><strong>Le rapport mal-logement<\/strong><\/span><\/p>\n<p>L&#8217;Abb\u00e9 Pierre a toujours \u00e9t\u00e9 dans l&#8217;interpellation m\u00e9diatique afin de d\u00e9fendre la cause du logement et porter la parole des exclus. Dans le respect et la continuit\u00e9 de son fondateur, la Fondation Abb\u00e9 Pierre demeure dans cet esprit d&#8217;interpellation publique. Par exp\u00e9rience, elle sait aussi qu&#8217;une pression est tr\u00e8s souvent n\u00e9cessaire \u00e0 tous les niveaux de la responsabilit\u00e9 politique et sociale, pour faire prendre en compte le probl\u00e8me du mal-logement.<\/p>\n<p>Dans cet esprit, elle publie chaque ann\u00e9e son rapport sur l&#8217;\u00e9tat du mal-logement en France. \u00c9tabli \u00e0 partir d&#8217;observations et d&#8217;\u00e9tudes sur le terrain, ce constat est enrichi par des enqu\u00eates aupr\u00e8s des associations actives dans l&#8217;insertion par le logement. Il t\u00e9moigne aupr\u00e8s de l&#8217;opinion et des pouvoirs publics des difficult\u00e9s rencontr\u00e9es par des centaines de milliers de familles pour acc\u00e9der \u00e0 un logement et s&#8217;y maintenir. Il d\u00e9nonce des situations inacceptables de familles aux ressources modestes ou faibles, et formule des propositions concr\u00e8tes pour faire avancer le droit au logement.<\/p>\n<p>Au fil des ann\u00e9es, cet ouvrage est devenu un outil de r\u00e9f\u00e9rence pour l&#8217;ensemble des acteurs travaillant sur les probl\u00e9matiques de logement.<\/p>\n<hr \/>\n<p>Le 26\u00e8me rapport annuel de la Fondation Abb\u00e9 Pierre d\u00e9crit et analyse les cons\u00e9quences sur le mal-logement de l\u2019irruption inattendue de la crise sanitaire, \u00e9conomique et sociale li\u00e9e \u00e0 la pand\u00e9mie de Covid.<\/p>\n<p>Cette situation in\u00e9dite est intervenue dans un contexte de crise du logement d\u00e9j\u00e0 grave et bien ancr\u00e9e, amplement d\u00e9montr\u00e9e lors des rapports pr\u00e9c\u00e9dents. D\u00e8s lors, les \u00e9pisodes de confinement et de couvre-feu ont refl\u00e9t\u00e9 les in\u00e9galit\u00e9s de logement et remis au centre de nos vies l\u2019importance cruciale de disposer d\u2019un chez-soi d\u00e9cent.<\/p>\n<img loading=\"lazy\" class=\"size-medium wp-image-483 aligncenter\" src=\"http:\/\/www.shop.yrauma.net\/wp-content\/uploads\/2021\/03\/Capture-de\u0301cran-2021-03-11-a\u0300-20.09.07-213x300.png\" alt=\"\" width=\"213\" height=\"300\" srcset=\"https:\/\/www.shop.yrauma.net\/wp-content\/uploads\/2021\/03\/Capture-de\u0301cran-2021-03-11-a\u0300-20.09.07-213x300.png 213w, https:\/\/www.shop.yrauma.net\/wp-content\/uploads\/2021\/03\/Capture-de\u0301cran-2021-03-11-a\u0300-20.09.07-400x563.png 400w, https:\/\/www.shop.yrauma.net\/wp-content\/uploads\/2021\/03\/Capture-de\u0301cran-2021-03-11-a\u0300-20.09.07.png 577w\" sizes=\"(max-width: 213px) 100vw, 213px\" \/>\n\n\n[aesop_document  type=&#8221;pdf&#8221; src=&#8221;http:\/\/www.shop.yrauma.net\/wp-content\/uploads\/2021\/03\/reml2021_rapport_sur_letat_du_mallogement-web.pdf&#8221; title=&#8221;T\u00c9L\u00c9CHARGER &#8221; caption=&#8221;LE 26e RAPPORT SUR L&#8217;\u00c9TAT DU MAL-LOGEMENT EN FRANCE 2021&#8243; download=&#8221;on&#8221;]\n","protected":false},"excerpt":{"rendered":"<p>Le rapport mal-logement L&#8217;Abb\u00e9 Pierre a toujours \u00e9t\u00e9 dans l&#8217;interpellation m\u00e9diatique afin de d\u00e9fendre la cause du logement et porter la parole des exclus. Dans le respect et la continuit\u00e9 de son fondateur, la Fondation Abb\u00e9 Pierre demeure dans cet esprit d&#8217;interpellation publique. Par exp\u00e9rience, elle sait aussi qu&#8217;une pression est tr\u00e8s souvent n\u00e9cessaire \u00e0 [&hellip;]<\/p>\n","protected":false},"author":1,"featured_media":0,"parent":69,"menu_order":0,"comment_status":"closed","ping_status":"closed","template":"page.php","meta":[],"_links":{"self":[{"href":"https:\/\/www.shop.yrauma.net\/index.php\/wp-json\/wp\/v2\/pages\/482"}],"collection":[{"href":"https:\/\/www.shop.yrauma.net\/index.php\/wp-json\/wp\/v2\/pages"}],"about":[{"href":"https:\/\/www.shop.yrauma.net\/index.php\/wp-json\/wp\/v2\/types\/page"}],"author":[{"embeddable":true,"href":"https:\/\/www.shop.yrauma.net\/index.php\/wp-json\/wp\/v2\/users\/1"}],"replies":[{"embeddable":true,"href":"https:\/\/www.shop.yrauma.net\/index.php\/wp-json\/wp\/v2\/comments?post=482"}],"version-history":[{"count":6,"href":"https:\/\/www.shop.yrauma.net\/index.php\/wp-json\/wp\/v2\/pages\/482\/revisions"}],"predecessor-version":[{"id":543,"href":"https:\/\/www.shop.yrauma.net\/index.php\/wp-json\/wp\/v2\/pages\/482\/revisions\/543"}],"up":[{"embeddable":true,"href":"https:\/\/www.shop.yrauma.net\/index.php\/wp-json\/wp\/v2\/pages\/69"}],"wp:attachment":[{"href":"https:\/\/www.shop.yrauma.net\/index.php\/wp-json\/wp\/v2\/media?parent=482"}],"curies":[{"name":"wp","href":"https:\/\/api.w.org\/{rel}","templated":true}]}}