{"id":560,"date":"2021-03-22T17:36:32","date_gmt":"2021-03-22T16:36:32","guid":{"rendered":"http:\/\/www.shop.yrauma.net\/?page_id=560"},"modified":"2021-03-22T17:36:32","modified_gmt":"2021-03-22T16:36:32","slug":"gestionnaire-et-maitre-douvrage","status":"publish","type":"page","link":"https:\/\/www.shop.yrauma.net\/index.php\/gestionnaire-et-maitre-douvrage\/","title":{"rendered":"Gestionnaire et ma\u00eetre d&#8217;ouvrage"},"content":{"rendered":"<p><strong><span style=\"color: #cc99ff;\">La relation entre gestionnaire et ma\u00eetre d&#8217;ouvrage<\/span><\/strong><\/p>\n<p>Depuis 2003 et la signature de la premi\u00e8re charte Unafo \/ Aorif, les textes encadrant les pratiques des propri\u00e9taires et des gestionnaires de logements-foyers, notamment de r\u00e9sidences sociales, ont connu des \u00e9volutions significatives. Les plus notables concernent l\u2019application de la r\u00e9forme de la r\u00e8glementation comptable et le remplacement des provisions pour grosses r\u00e9parations par une \u201cparticipation pour couverture du renouvellement des composants\u201d et la r\u00e9cente refonte de la convention APL r\u00e9sidence sociale.<\/p>\n<p>Au-del\u00e0 de l\u2019int\u00e9gration de ces nouveaux \u00e9l\u00e9ments r\u00e9glementaires, l\u2019Unafo et l\u2019Aorif ont estim\u00e9 indispensable de proposer aux gestionnaires et propri\u00e9taires un cadre de partenariat renouvel\u00e9, ancr\u00e9 dans le partage d\u2019objectifs et de principes communs. En effet, la part accrue prise par le logement accompagn\u00e9 dans une offre tendant \u00e0 se diversifier est un constat aujourd\u2019hui partag\u00e9 par les propri\u00e9taires, les gestionnaires et les partenaires publics, tout comme la n\u00e9cessaire \u00e9mergence, en r\u00e9ponse \u00e0 des besoins sp\u00e9cifiques, d\u2019une offre nouvelle d\u2019habitat adapt\u00e9 comme les pensions de famille ou les r\u00e9sidences jeunes actifs. Ainsi, le secteur du logement accompagn\u00e9 est pleinement reconnu dans ses fonctions d\u2019insertion par la collectivit\u00e9 publique, qui le mobilise dans la mise en \u0153uvre du droit au logement opposable.<\/p>\n[aesop_document  type=&#8221;pdf&#8221; src=&#8221;http:\/\/www.shop.yrauma.net\/wp-content\/uploads\/2021\/03\/Guide_partenariat_Unafo.pdf&#8221; title=&#8221;T\u00c9L\u00c9CHARGER&#8221; caption=&#8221;Pour un partenariat renouvel\u00e9 entre propri\u00e9taire et gestionnaire \u00c9dition septembre 2011&#8243; download=&#8221;on&#8221;]\n","protected":false},"excerpt":{"rendered":"<p>La relation entre gestionnaire et ma\u00eetre d&#8217;ouvrage Depuis 2003 et la signature de la premi\u00e8re charte Unafo \/ Aorif, les textes encadrant les pratiques des propri\u00e9taires et des gestionnaires de logements-foyers, notamment de r\u00e9sidences sociales, ont connu des \u00e9volutions significatives. Les plus notables concernent l\u2019application de la r\u00e9forme de la r\u00e8glementation comptable et le remplacement [&hellip;]<\/p>\n","protected":false},"author":1,"featured_media":0,"parent":0,"menu_order":0,"comment_status":"closed","ping_status":"closed","template":"","meta":[],"_links":{"self":[{"href":"https:\/\/www.shop.yrauma.net\/index.php\/wp-json\/wp\/v2\/pages\/560"}],"collection":[{"href":"https:\/\/www.shop.yrauma.net\/index.php\/wp-json\/wp\/v2\/pages"}],"about":[{"href":"https:\/\/www.shop.yrauma.net\/index.php\/wp-json\/wp\/v2\/types\/page"}],"author":[{"embeddable":true,"href":"https:\/\/www.shop.yrauma.net\/index.php\/wp-json\/wp\/v2\/users\/1"}],"replies":[{"embeddable":true,"href":"https:\/\/www.shop.yrauma.net\/index.php\/wp-json\/wp\/v2\/comments?post=560"}],"version-history":[{"count":1,"href":"https:\/\/www.shop.yrauma.net\/index.php\/wp-json\/wp\/v2\/pages\/560\/revisions"}],"predecessor-version":[{"id":562,"href":"https:\/\/www.shop.yrauma.net\/index.php\/wp-json\/wp\/v2\/pages\/560\/revisions\/562"}],"wp:attachment":[{"href":"https:\/\/www.shop.yrauma.net\/index.php\/wp-json\/wp\/v2\/media?parent=560"}],"curies":[{"name":"wp","href":"https:\/\/api.w.org\/{rel}","templated":true}]}}