{"id":574,"date":"2021-03-22T18:09:00","date_gmt":"2021-03-22T17:09:00","guid":{"rendered":"http:\/\/www.shop.yrauma.net\/?page_id=574"},"modified":"2021-03-22T18:09:00","modified_gmt":"2021-03-22T17:09:00","slug":"les-hotes","status":"publish","type":"page","link":"https:\/\/www.shop.yrauma.net\/index.php\/les-hotes\/","title":{"rendered":"Les h\u00f4tes"},"content":{"rendered":"<p><span style=\"color: #3366ff;\"><strong>Le r\u00f4le des h\u00f4tes en Pension de famille<\/strong><\/span><\/p>\n<p>Depuis pr\u00e8s de 10 ans la Fondation Abb\u00e9 Pierre a propos\u00e9 aux h\u00f4tes des Pensions de famille de son r\u00e9seau de participer \u00e0 des groupes d\u2019analyse des pratiques.<\/p>\n<p>Ces rencontres ont permis d\u2019identifier le m\u00e9tier et de construire des outils communs. En effet, les h\u00f4tes des Pensions de famille ont une posture particuli\u00e8re, articul\u00e9e autour de quatre champs, ou fonctions : le travail social individuel et collectif ; la r\u00e9gulation du groupe ; l\u2019animation de la vie quotidienne ; la gestion locative.<\/p>\n<p>Par ailleurs, des \u00e9tudes r\u00e9gionales et nationales sur le public des pensions de famille ont \u00e9t\u00e9 r\u00e9alis\u00e9es La FAP a souhait\u00e9 relier sa d\u00e9marche interne et cette \u00e9valuation nationale.<\/p>\n<p>La pr\u00e9sente synth\u00e8se des exp\u00e9riences et des textes produits, r\u00e9alis\u00e9e par le cabinet Panama Conseil, peut \u00eatre consid\u00e9r\u00e9e comme la premi\u00e8re phase d\u2019un travail de r\u00e9flexion sur la question du renouvellement des pratiques en travail social, \u00e0 partir de l\u2019approche de la relation d\u2019aide d\u00e9velopp\u00e9e par les h\u00f4tes dans les Pensions de famille du r\u00e9seau FAP.<\/p>\n<p>Les \u00e9l\u00e9ments donn\u00e9s ci-dessus n\u2019ont pas \u00e9t\u00e9 con\u00e7us comme un r\u00e9f\u00e9rentiel d\u2019activit\u00e9 ni de comp\u00e9tences. La diversit\u00e9 des projets sociaux est \u00e0 prendre en compte pour \u00e9tablir les documents d\u2019organisation n\u00e9cessaire \u00e0 chaque Pension de famille : fiches de poste, modalit\u00e9s de travail en \u00e9quipe, plan de formation\u2026<\/p>\n[aesop_document  type=&#8221;pdf&#8221; src=&#8221;http:\/\/www.shop.yrauma.net\/wp-content\/uploads\/2021\/03\/Fonction-Roledeshotes-des-PF.pdf&#8221; title=&#8221;T\u00c9L\u00c9CHARGER&#8221; caption=&#8221;Fonction et r\u00f4le des h\u00f4tes en Pension de famille&#8221; download=&#8221;on&#8221;]\n","protected":false},"excerpt":{"rendered":"<p>Le r\u00f4le des h\u00f4tes en Pension de famille Depuis pr\u00e8s de 10 ans la Fondation Abb\u00e9 Pierre a propos\u00e9 aux h\u00f4tes des Pensions de famille de son r\u00e9seau de participer \u00e0 des groupes d\u2019analyse des pratiques. Ces rencontres ont permis d\u2019identifier le m\u00e9tier et de construire des outils communs. En effet, les h\u00f4tes des Pensions [&hellip;]<\/p>\n","protected":false},"author":1,"featured_media":0,"parent":0,"menu_order":0,"comment_status":"closed","ping_status":"closed","template":"","meta":[],"_links":{"self":[{"href":"https:\/\/www.shop.yrauma.net\/index.php\/wp-json\/wp\/v2\/pages\/574"}],"collection":[{"href":"https:\/\/www.shop.yrauma.net\/index.php\/wp-json\/wp\/v2\/pages"}],"about":[{"href":"https:\/\/www.shop.yrauma.net\/index.php\/wp-json\/wp\/v2\/types\/page"}],"author":[{"embeddable":true,"href":"https:\/\/www.shop.yrauma.net\/index.php\/wp-json\/wp\/v2\/users\/1"}],"replies":[{"embeddable":true,"href":"https:\/\/www.shop.yrauma.net\/index.php\/wp-json\/wp\/v2\/comments?post=574"}],"version-history":[{"count":1,"href":"https:\/\/www.shop.yrauma.net\/index.php\/wp-json\/wp\/v2\/pages\/574\/revisions"}],"predecessor-version":[{"id":576,"href":"https:\/\/www.shop.yrauma.net\/index.php\/wp-json\/wp\/v2\/pages\/574\/revisions\/576"}],"wp:attachment":[{"href":"https:\/\/www.shop.yrauma.net\/index.php\/wp-json\/wp\/v2\/media?parent=574"}],"curies":[{"name":"wp","href":"https:\/\/api.w.org\/{rel}","templated":true}]}}