{"id":580,"date":"2021-03-22T18:16:59","date_gmt":"2021-03-22T17:16:59","guid":{"rendered":"http:\/\/www.shop.yrauma.net\/?page_id=580"},"modified":"2021-03-22T18:16:59","modified_gmt":"2021-03-22T17:16:59","slug":"des-propositions","status":"publish","type":"page","link":"https:\/\/www.shop.yrauma.net\/index.php\/des-propositions\/","title":{"rendered":"Des propositions"},"content":{"rendered":"<p><span style=\"color: #ff9900;\"><strong>Propositions concernant le d\u00e9veloppement des Pensions <\/strong><\/span><br \/>\n<span style=\"color: #ff9900;\"><strong>de famille:<\/strong><\/span><\/p>\n<p>La Fondation Abb\u00e9 Pierre a favoris\u00e9, \u00e0 la fin des ann\u00e9es 1990, l\u2019\u00e9mergence d\u2019un nouveau dispositif intitul\u00e9 \u00ab\u00a0Pensions de famille\u00a0\u00bb. Ce sont des lieux de vie qui permettent \u00e0 celles et ceux dont le parcours de vie a \u00e9t\u00e9 chaotique, de renforcer la confiance en eux, de reprendre leur souffle et de s\u2019installer dans la dur\u00e9e. Dans ces r\u00e9sidences, la vie collective et l&#8217;intimit\u00e9 de chacun sont \u00e9troitement li\u00e9es et pr\u00e9serv\u00e9es au quotidien. En effet, chaque habitant peut \u00e0 la fois, profiter d\u2019un logement privatif et b\u00e9n\u00e9ficier d\u2019espaces partag\u00e9s permettant de lutter contre l\u2019isolement.<\/p>\n<p>Le projet social port\u00e9 par l\u2019association gestionnaire, l\u2019engagement des h\u00f4tes, l\u2019invitation faite aux habitants de s\u2019impliquer dans l\u2019organisation de la vie quotidienne de ce lieu permet aux habitants de reprendre une vraie place de citoyen et de rompre avec l\u2019isolement qui les touche tr\u00e8s fr\u00e9quemment.<\/p>\n<p>Depuis 2000, 800 Pensions de famille \u2013 Maisons relais \u2013 R\u00e9sidences Accueil ont vu le jour \u00e9quivalent \u00e0 15\u00a0000 places. La Fondation Abb\u00e9 Pierre a soutenu au cours de la m\u00eame p\u00e9riode 222 projets de Pensions de famille, soit 3\u00a0905 logements r\u00e9partis sur 68 d\u00e9partements. (soit pr\u00e8s d\u2019un quart des projets).<\/p>\n<p>Elle accompagne durablement un r\u00e9seau compos\u00e9 d\u2019une quarantaine de Pensions de famille.<\/p>\n<p>Fort de ce soutien et au terme de plusieurs ann\u00e9es, il para\u00eet important de mettre en exergue quelques points d\u2019\u00e9volution et apporter des pistes d\u2019\u00e9volution, notamment au regard du plan de relance des Pensions de famille paru en avril 2017.<\/p>\n[aesop_document  type=&#8221;pdf&#8221; src=&#8221;http:\/\/www.shop.yrauma.net\/wp-content\/uploads\/2021\/03\/Propositions-developpement-PF.pdf&#8221; title=&#8221;T\u00c9L\u00c9CHARGER&#8221; caption=&#8221;1. Propositions concernant le d\u00e9veloppement des Pensions<br \/>\nde famille&#8221; download=&#8221;on&#8221;]\n","protected":false},"excerpt":{"rendered":"<p>Propositions concernant le d\u00e9veloppement des Pensions de famille: La Fondation Abb\u00e9 Pierre a favoris\u00e9, \u00e0 la fin des ann\u00e9es 1990, l\u2019\u00e9mergence d\u2019un nouveau dispositif intitul\u00e9 \u00ab\u00a0Pensions de famille\u00a0\u00bb. Ce sont des lieux de vie qui permettent \u00e0 celles et ceux dont le parcours de vie a \u00e9t\u00e9 chaotique, de renforcer la confiance en eux, de [&hellip;]<\/p>\n","protected":false},"author":1,"featured_media":0,"parent":0,"menu_order":0,"comment_status":"closed","ping_status":"closed","template":"","meta":[],"_links":{"self":[{"href":"https:\/\/www.shop.yrauma.net\/index.php\/wp-json\/wp\/v2\/pages\/580"}],"collection":[{"href":"https:\/\/www.shop.yrauma.net\/index.php\/wp-json\/wp\/v2\/pages"}],"about":[{"href":"https:\/\/www.shop.yrauma.net\/index.php\/wp-json\/wp\/v2\/types\/page"}],"author":[{"embeddable":true,"href":"https:\/\/www.shop.yrauma.net\/index.php\/wp-json\/wp\/v2\/users\/1"}],"replies":[{"embeddable":true,"href":"https:\/\/www.shop.yrauma.net\/index.php\/wp-json\/wp\/v2\/comments?post=580"}],"version-history":[{"count":1,"href":"https:\/\/www.shop.yrauma.net\/index.php\/wp-json\/wp\/v2\/pages\/580\/revisions"}],"predecessor-version":[{"id":582,"href":"https:\/\/www.shop.yrauma.net\/index.php\/wp-json\/wp\/v2\/pages\/580\/revisions\/582"}],"wp:attachment":[{"href":"https:\/\/www.shop.yrauma.net\/index.php\/wp-json\/wp\/v2\/media?parent=580"}],"curies":[{"name":"wp","href":"https:\/\/api.w.org\/{rel}","templated":true}]}}