{"id":74,"date":"2021-03-05T15:51:34","date_gmt":"2021-03-05T14:51:34","guid":{"rendered":"http:\/\/www.shop.yrauma.net\/?page_id=74"},"modified":"2021-03-12T16:50:18","modified_gmt":"2021-03-12T15:50:18","slug":"lecture-thematique","status":"publish","type":"page","link":"https:\/\/www.shop.yrauma.net\/index.php\/lecture-thematique\/","title":{"rendered":"Lecture th\u00e9matique"},"content":{"rendered":"<p>LES TH\u00c8MES<br \/>\nOn dit souvent que c\u2019est par les autres que l\u2019on se construit. C\u2019est au contact de ses parents que l\u2019on apprend \u00e0 parler, \u00e0 marcher\u2026 Puis une fois adulte, nous travaillons avec des gens, faisons des enfants et ainsi de suite, comme si la vie \u00e9tait une discipline individuelle que l\u2019on pratiquait collectivement.<\/p>\n<p>Espaces priv\u00e9s, espace collectifs<\/p>\n<p>Parfois \u00e0 cause d\u2019un incident de parcours, le lien est rompu, et la chute d\u2019autant plus rapide. L\u2019organisation des pensions de famille autour d\u2019espaces priv\u00e9es et collectifs prend en compte,le rapport entre le besoin de se retrouver chez soi et la n\u00e9cessit\u00e9 d\u2019\u00eatre en lien permanent avec les autres.<\/p>\n<p>L\u2019organisation des pensions de famille tourne autour de la n\u00e9cessit\u00e9 de mener sa vie seule tout en b\u00e9n\u00e9ficiant de la pr\u00e9sence des autres. A certains moments, on a besoin de lien pour faire repartir des initiatives individuelles. C\u2019est donc la possibilit\u00e9 d\u2019aller retour entre ces situations qui fait l\u2019originalit\u00e9 des pensions de familles. Ni enti\u00e8rement collectif ni individuel, c\u2019est un mode d\u2019habitat hybride qui permet de nourrir l\u2019un par l\u2019autre.<\/p>\n<p>L\u2019environnement<\/p>\n<p>Une pension de famille s\u2019inscrit dans un paysage de mani\u00e8re diff\u00e9rente selon qu\u2019elle soit en ville ou \u00e0 la campagne, que ce soit une maison urbaine ou un corps de ferme\u2026 Dans les pensions de famille il y a la volont\u00e9 de cr\u00e9er du lien non seulement entre les pensionnaires mais aussi avec les voisins, les associations de quartier. De la m\u00eame mani\u00e8re que nous proposons des films sur la vie dans les pensions, nous filmerons \u00e9galement nos personnages dans leurs activit\u00e9s en dehors de leurs lieux de r\u00e9sidence, au travail, en ville, dans leurs activit\u00e9s du quotidien.<\/p>\n<p>Les h\u00f4tes<\/p>\n<p>Les h\u00f4tes sont v\u00e9ritablement l\u2019\u00e2me des lieux. Certains sont travailleurs sociaux, d\u2019autres ont des parcours de vie diff\u00e9rents, qui les ont pouss\u00e9s \u00e0 devenir ma\u00eetre ou ma\u00eetresse de maison. Mais tous ont des qualit\u00e9s humaines hors du commun. C\u2019est aussi la vari\u00e9t\u00e9 des mani\u00e8res d\u2019aborder l\u2019accompagnement des personnes que nous voulons mettre en avant. Une vid\u00e9o consacr\u00e9e \u00e0 l\u2019h\u00f4te sera r\u00e9alis\u00e9e dans chaque lieu.<\/p>\n<p>Le portrait de famille<\/p>\n<p>Au final, la convergence entre l\u2019environnement, la possibilit\u00e9 d\u2019\u00eatre chez soi<br \/>\net avec les autres, accompagn\u00e9 dans un espace prot\u00e9g\u00e9, cr\u00e9\u00e9 un climat de confiance et de solidarit\u00e9 entre les r\u00e9sidents. Chaque pension devient une petite famille o\u00f9 les uns n\u2019existent pas sans les autres. Les petites histoires de chacun feront le grand r\u00e9cit de la pension. Comme conclusion des s\u00e9quences, nous ferons un portrait de famille dans chaque lieu. Le personnage que nous aurons suivi se mettra au premier plan.<\/p>\n\n","protected":false},"excerpt":{"rendered":"<p>LES TH\u00c8MES On dit souvent que c\u2019est par les autres que l\u2019on se construit. C\u2019est au contact de ses parents que l\u2019on apprend \u00e0 parler, \u00e0 marcher\u2026 Puis une fois adulte, nous travaillons avec des gens, faisons des enfants et ainsi de suite, comme si la vie \u00e9tait une discipline individuelle que l\u2019on pratiquait collectivement. [&hellip;]<\/p>\n","protected":false},"author":1,"featured_media":0,"parent":0,"menu_order":0,"comment_status":"closed","ping_status":"closed","template":"","meta":[],"_links":{"self":[{"href":"https:\/\/www.shop.yrauma.net\/index.php\/wp-json\/wp\/v2\/pages\/74"}],"collection":[{"href":"https:\/\/www.shop.yrauma.net\/index.php\/wp-json\/wp\/v2\/pages"}],"about":[{"href":"https:\/\/www.shop.yrauma.net\/index.php\/wp-json\/wp\/v2\/types\/page"}],"author":[{"embeddable":true,"href":"https:\/\/www.shop.yrauma.net\/index.php\/wp-json\/wp\/v2\/users\/1"}],"replies":[{"embeddable":true,"href":"https:\/\/www.shop.yrauma.net\/index.php\/wp-json\/wp\/v2\/comments?post=74"}],"version-history":[{"count":23,"href":"https:\/\/www.shop.yrauma.net\/index.php\/wp-json\/wp\/v2\/pages\/74\/revisions"}],"predecessor-version":[{"id":527,"href":"https:\/\/www.shop.yrauma.net\/index.php\/wp-json\/wp\/v2\/pages\/74\/revisions\/527"}],"wp:attachment":[{"href":"https:\/\/www.shop.yrauma.net\/index.php\/wp-json\/wp\/v2\/media?parent=74"}],"curies":[{"name":"wp","href":"https:\/\/api.w.org\/{rel}","templated":true}]}}